{"id":37,"date":"2026-03-06T15:41:51","date_gmt":"2026-03-06T15:41:51","guid":{"rendered":"https:\/\/gifted-blackwell.82-165-173-19.plesk.page\/?page_id=37"},"modified":"2026-03-24T10:04:37","modified_gmt":"2026-03-24T10:04:37","slug":"proyectos","status":"publish","type":"page","link":"https:\/\/gifted-blackwell.82-165-173-19.plesk.page\/index.php\/proyectos\/","title":{"rendered":"Proyectos"},"content":{"rendered":"\n<div class=\"wp-block-group alignfull has-white-color has-black-background-color has-text-color has-background is-layout-flow wp-block-group-is-layout-flow\">\n<div class=\"wp-block-group has-global-padding is-layout-constrained wp-container-core-group-is-layout-3a820303 wp-block-group-is-layout-constrained\" style=\"padding-right:var(--wp--preset--spacing--small);padding-left:var(--wp--preset--spacing--small)\">\n<div style=\"height:56px\" aria-hidden=\"true\" class=\"wp-block-spacer wp-embed-aspect-16-9 wp-has-aspect-ratio\"><\/div>\n\n\n\n<h2 class=\"wp-block-heading has-text-align-center wp-embed-aspect-16-9 wp-has-aspect-ratio has-white-color has-text-color has-large-font-size\" id=\"inspiro-is-a-digital-product-agency-that-focuses-on-strategy-and-design\" style=\"font-style:normal;font-weight:100\"><strong>Especialistas en reformas, dise\u00f1o y transformaci\u00f3n de espacios interiores y exteriores.<\/strong><\/h2>\n\n\n\n<div style=\"height:100px\" aria-hidden=\"true\" class=\"wp-block-spacer wp-embed-aspect-16-9 wp-has-aspect-ratio\"><\/div>\n\n\n\n<div class=\"wp-block-columns wp-embed-aspect-16-9 wp-has-aspect-ratio is-layout-flex wp-container-core-columns-is-layout-28f84493 wp-block-columns-is-layout-flex\">\n<div class=\"wp-block-column is-layout-flow wp-block-column-is-layout-flow\">\n<figure class=\"wp-block-image size-large wp-duotone-unset-1\"><img fetchpriority=\"high\" decoding=\"async\" width=\"819\" height=\"1024\" src=\"https:\/\/gifted-blackwell.82-165-173-19.plesk.page\/wp-content\/uploads\/2026\/03\/COLLAGE-ARAVACA-2-819x1024.jpg\" alt=\"\" class=\"wp-image-135\" srcset=\"https:\/\/gifted-blackwell.82-165-173-19.plesk.page\/wp-content\/uploads\/2026\/03\/COLLAGE-ARAVACA-2-819x1024.jpg 819w, https:\/\/gifted-blackwell.82-165-173-19.plesk.page\/wp-content\/uploads\/2026\/03\/COLLAGE-ARAVACA-2-240x300.jpg 240w, https:\/\/gifted-blackwell.82-165-173-19.plesk.page\/wp-content\/uploads\/2026\/03\/COLLAGE-ARAVACA-2.jpg 1080w\" sizes=\"(max-width: 819px) 100vw, 819px\" \/><\/figure>\n\n\n\n<h3 class=\"wp-block-heading has-text-align-center has-white-color has-text-color has-link-color has-medium-font-size wp-elements-b079bbb83f7d04a2d185635d3704ab7b\">Jard\u00edn<\/h3>\n\n\n\n<p class=\"has-text-align-center\">Revalorizaci\u00f3n de espacio exterior<\/p>\n\n\n\n<p class=\"has-text-align-center has-text-color\" style=\"color:#7a7a7a\">Intervenci\u00f3n y transformaci\u00f3n del jard\u00edn para lograr un espacio exterior m\u00e1s armonioso y acogedor.<\/p>\n<\/div>\n\n\n\n<div class=\"wp-block-column is-layout-flow wp-block-column-is-layout-flow\">\n<figure class=\"wp-block-image size-large\"><img decoding=\"async\" width=\"576\" height=\"1024\" src=\"https:\/\/gifted-blackwell.82-165-173-19.plesk.page\/wp-content\/uploads\/2026\/03\/Antes-y-despues-buhardilla-576x1024.jpg\" alt=\"\" class=\"wp-image-123\" style=\"aspect-ratio:0.5625083971082346\" srcset=\"https:\/\/gifted-blackwell.82-165-173-19.plesk.page\/wp-content\/uploads\/2026\/03\/Antes-y-despues-buhardilla-576x1024.jpg 576w, https:\/\/gifted-blackwell.82-165-173-19.plesk.page\/wp-content\/uploads\/2026\/03\/Antes-y-despues-buhardilla-169x300.jpg 169w, https:\/\/gifted-blackwell.82-165-173-19.plesk.page\/wp-content\/uploads\/2026\/03\/Antes-y-despues-buhardilla.jpg 1080w\" sizes=\"(max-width: 576px) 100vw, 576px\" \/><\/figure>\n\n\n\n<h3 class=\"wp-block-heading has-text-align-center has-white-color has-text-color has-medium-font-size\">Buhardilla<\/h3>\n\n\n\n<p class=\"has-text-align-center\">Optimizaci\u00f3n y dise\u00f1o de espacio interior<\/p>\n\n\n\n<p class=\"has-text-align-center has-text-color\" style=\"color:#7a7a7a\">Dise\u00f1o integral y optimizaci\u00f3n de buhardilla para crear un espacio moderno, luminoso y funcional.<\/p>\n<\/div>\n\n\n\n<div class=\"wp-block-column is-layout-flow wp-block-column-is-layout-flow\">\n<figure class=\"wp-block-image size-large\"><img decoding=\"async\" width=\"1024\" height=\"1024\" src=\"https:\/\/gifted-blackwell.82-165-173-19.plesk.page\/wp-content\/uploads\/2026\/03\/MASSIMO-DUTTI-CC-EL-TEJO-TOLEDO-4-1024x1024.png\" alt=\"\" class=\"wp-image-134\" style=\"aspect-ratio:0.7998086523708633\" srcset=\"https:\/\/gifted-blackwell.82-165-173-19.plesk.page\/wp-content\/uploads\/2026\/03\/MASSIMO-DUTTI-CC-EL-TEJO-TOLEDO-4-1024x1024.png 1024w, https:\/\/gifted-blackwell.82-165-173-19.plesk.page\/wp-content\/uploads\/2026\/03\/MASSIMO-DUTTI-CC-EL-TEJO-TOLEDO-4-300x300.png 300w, https:\/\/gifted-blackwell.82-165-173-19.plesk.page\/wp-content\/uploads\/2026\/03\/MASSIMO-DUTTI-CC-EL-TEJO-TOLEDO-4-150x150.png 150w, https:\/\/gifted-blackwell.82-165-173-19.plesk.page\/wp-content\/uploads\/2026\/03\/MASSIMO-DUTTI-CC-EL-TEJO-TOLEDO-4.png 1080w\" sizes=\"(max-width: 1024px) 100vw, 1024px\" \/><\/figure>\n\n\n\n<h3 class=\"wp-block-heading has-text-align-center has-white-color has-text-color has-medium-font-size\">Local comercial<\/h3>\n\n\n\n<p class=\"has-text-align-center\">Renovaci\u00f3n est\u00e9tica de espacio comercial<\/p>\n\n\n\n<p class=\"has-text-align-center has-text-color\" style=\"color:#7a7a7a\">Instalaci\u00f3n de tarima y mejora est\u00e9tica para aportar calidez, elegancia y modernidad al local.<\/p>\n<\/div>\n<\/div>\n\n\n\n<div style=\"height:100px\" aria-hidden=\"true\" class=\"wp-block-spacer wp-embed-aspect-16-9 wp-has-aspect-ratio\"><\/div>\n\n\n\n<h3 class=\"wp-block-heading wp-embed-aspect-16-9 wp-has-aspect-ratio has-white-color has-text-color has-large-font-size\" id=\"inspiro-is-a-digital-product-agency-that-focuses-on-strategy-and-desig\" style=\"font-weight:300\"><strong>Compromiso en cada obra<\/strong>&#8230;<\/h3>\n\n\n\n<figure class=\"wp-block-video\"><video height=\"720\" style=\"aspect-ratio: 1280 \/ 720;\" width=\"1280\" controls src=\"https:\/\/gifted-blackwell.82-165-173-19.plesk.page\/wp-content\/uploads\/2026\/03\/ANTES-VS-DESPUES-PISCINA.mp4\"><\/video><\/figure>\n\n\n\n<div class=\"wp-block-group wp-embed-aspect-16-9 wp-has-aspect-ratio has-black-background-color has-background has-global-padding is-layout-constrained wp-block-group-is-layout-constrained\">\n<div class=\"wp-block-columns are-vertically-aligned-center is-layout-flex wp-container-core-columns-is-layout-28f84493 wp-block-columns-is-layout-flex\">\n<div class=\"wp-block-column is-vertically-aligned-center is-layout-flow wp-block-column-is-layout-flow\" style=\"padding-top:20px;padding-right:0px;padding-bottom:20px;padding-left:0px\">\n<div class=\"wp-block-group is-content-justification-space-between is-nowrap is-layout-flex wp-container-core-group-is-layout-bb3dfb5c wp-block-group-is-layout-flex\">\n<figure class=\"wp-block-image size-full\"><img decoding=\"async\" src=\"https:\/\/gifted-blackwell.82-165-173-19.plesk.page\/wp-content\/themes\/inspiro\/assets\/images\/laurel_left.png\" alt=\"\"\/><\/figure>\n\n\n\n<p><strong>Calidad<\/strong><\/p>\n\n\n\n<figure class=\"wp-block-image size-full\"><img decoding=\"async\" src=\"https:\/\/gifted-blackwell.82-165-173-19.plesk.page\/wp-content\/themes\/inspiro\/assets\/images\/laurel_right.png\" alt=\"\"\/><\/figure>\n<\/div>\n<\/div>\n\n\n\n<div class=\"wp-block-column is-vertically-aligned-center is-layout-flow wp-block-column-is-layout-flow\" style=\"padding-top:20px;padding-right:0px;padding-bottom:20px;padding-left:0px\">\n<div class=\"wp-block-group is-content-justification-space-between is-nowrap is-layout-flex wp-container-core-group-is-layout-bb3dfb5c wp-block-group-is-layout-flex\">\n<figure class=\"wp-block-image size-full\"><img decoding=\"async\" src=\"https:\/\/gifted-blackwell.82-165-173-19.plesk.page\/wp-content\/themes\/inspiro\/assets\/images\/laurel_left.png\" alt=\"\"\/><\/figure>\n\n\n\n<div class=\"wp-block-group is-layout-flow wp-block-group-is-layout-flow\">\n<p class=\"has-text-align-center has-white-color has-text-color\" style=\"font-size:clamp(14px, 0.875rem + ((1vw - 3.2px) * 0.354), 18px);\"><strong>Confianza<\/strong><\/p>\n<\/div>\n\n\n\n<figure class=\"wp-block-image size-full\"><img decoding=\"async\" src=\"https:\/\/gifted-blackwell.82-165-173-19.plesk.page\/wp-content\/themes\/inspiro\/assets\/images\/laurel_right.png\" alt=\"\"\/><\/figure>\n<\/div>\n<\/div>\n\n\n\n<div class=\"wp-block-column is-vertically-aligned-center is-layout-flow wp-block-column-is-layout-flow\" style=\"padding-top:20px;padding-right:0px;padding-bottom:20px;padding-left:0px\">\n<div class=\"wp-block-group is-content-justification-space-between is-nowrap is-layout-flex wp-container-core-group-is-layout-bb3dfb5c wp-block-group-is-layout-flex\">\n<figure class=\"wp-block-image size-full\"><img decoding=\"async\" src=\"https:\/\/gifted-blackwell.82-165-173-19.plesk.page\/wp-content\/themes\/inspiro\/assets\/images\/laurel_left.png\" alt=\"\"\/><\/figure>\n\n\n\n<div class=\"wp-block-group is-layout-flow wp-block-group-is-layout-flow\">\n<p class=\"has-text-align-center has-white-color has-text-color\" style=\"font-size:clamp(14px, 0.875rem + ((1vw - 3.2px) * 0.354), 18px);\"><strong>Profesionalidad<\/strong><\/p>\n<\/div>\n\n\n\n<figure class=\"wp-block-image size-full\"><img decoding=\"async\" src=\"https:\/\/gifted-blackwell.82-165-173-19.plesk.page\/wp-content\/themes\/inspiro\/assets\/images\/laurel_right.png\" alt=\"\"\/><\/figure>\n<\/div>\n<\/div>\n<\/div>\n<\/div>\n\n\n\n<div style=\"height:114px\" aria-hidden=\"true\" class=\"wp-block-spacer wp-embed-aspect-16-9 wp-has-aspect-ratio\"><\/div>\n<\/div>\n<\/div>\n\n\n\n<p><\/p>\n","protected":false},"excerpt":{"rendered":"<p>Especialistas en reformas, dise\u00f1o y transformaci\u00f3n de espacios interiores y exteriores. Jard\u00edn Revalorizaci\u00f3n de espacio exterior Intervenci\u00f3n y transformaci\u00f3n del jard\u00edn para lograr un espacio exterior m\u00e1s armonioso y acogedor. Buhardilla Optimizaci\u00f3n y dise\u00f1o de espacio interior Dise\u00f1o integral y optimizaci\u00f3n de buhardilla para crear un espacio moderno, luminoso y funcional. Local comercial Renovaci\u00f3n est\u00e9tica &hellip; <\/p>\n<p class=\"link-more\"><a href=\"https:\/\/gifted-blackwell.82-165-173-19.plesk.page\/index.php\/proyectos\/\" class=\"more-link\">Leer m\u00e1s<span class=\"screen-reader-text\"> \u00abProyectos\u00bb<\/span><\/a><\/p>\n","protected":false},"author":2,"featured_media":0,"parent":0,"menu_order":0,"comment_status":"closed","ping_status":"closed","template":"","meta":{"inspiro_hide_title":false,"footnotes":""},"class_list":["post-37","page","type-page","status-publish","hentry"],"_links":{"self":[{"href":"https:\/\/gifted-blackwell.82-165-173-19.plesk.page\/index.php\/wp-json\/wp\/v2\/pages\/37","targetHints":{"allow":["GET"]}}],"collection":[{"href":"https:\/\/gifted-blackwell.82-165-173-19.plesk.page\/index.php\/wp-json\/wp\/v2\/pages"}],"about":[{"href":"https:\/\/gifted-blackwell.82-165-173-19.plesk.page\/index.php\/wp-json\/wp\/v2\/types\/page"}],"author":[{"embeddable":true,"href":"https:\/\/gifted-blackwell.82-165-173-19.plesk.page\/index.php\/wp-json\/wp\/v2\/users\/2"}],"replies":[{"embeddable":true,"href":"https:\/\/gifted-blackwell.82-165-173-19.plesk.page\/index.php\/wp-json\/wp\/v2\/comments?post=37"}],"version-history":[{"count":8,"href":"https:\/\/gifted-blackwell.82-165-173-19.plesk.page\/index.php\/wp-json\/wp\/v2\/pages\/37\/revisions"}],"predecessor-version":[{"id":239,"href":"https:\/\/gifted-blackwell.82-165-173-19.plesk.page\/index.php\/wp-json\/wp\/v2\/pages\/37\/revisions\/239"}],"wp:attachment":[{"href":"https:\/\/gifted-blackwell.82-165-173-19.plesk.page\/index.php\/wp-json\/wp\/v2\/media?parent=37"}],"curies":[{"name":"wp","href":"https:\/\/api.w.org\/{rel}","templated":true}]}}