{"id":34,"date":"2026-03-06T15:41:39","date_gmt":"2026-03-06T15:41:39","guid":{"rendered":"https:\/\/gifted-blackwell.82-165-173-19.plesk.page\/?page_id=34"},"modified":"2026-04-15T10:44:54","modified_gmt":"2026-04-15T10:44:54","slug":"servicios","status":"publish","type":"page","link":"https:\/\/gifted-blackwell.82-165-173-19.plesk.page\/index.php\/servicios\/","title":{"rendered":"Servicios"},"content":{"rendered":"\t\t<div data-elementor-type=\"wp-page\" data-elementor-id=\"34\" class=\"elementor elementor-34\">\n\t\t\t\t<div class=\"elementor-element elementor-element-4207e86 e-flex e-con-boxed e-con e-parent\" data-id=\"4207e86\" data-element_type=\"container\" data-e-type=\"container\" data-settings=\"{&quot;background_background&quot;:&quot;classic&quot;}\">\n\t\t\t\t\t<div class=\"e-con-inner\">\n\t\t\t\t<div class=\"elementor-element elementor-element-b441030 elementor-widget elementor-widget-heading\" data-id=\"b441030\" data-element_type=\"widget\" data-e-type=\"widget\" data-widget_type=\"heading.default\">\n\t\t\t\t\t<h2 class=\"elementor-heading-title elementor-size-default\">Conf\u00eda en la experiencia<\/h2>\t\t\t\t<\/div>\n\t\t\t\t\t<\/div>\n\t\t\t\t<\/div>\n\t\t<div class=\"elementor-element elementor-element-d7f4525 e-flex e-con-boxed e-con e-parent\" data-id=\"d7f4525\" data-element_type=\"container\" data-e-type=\"container\" data-settings=\"{&quot;background_background&quot;:&quot;classic&quot;}\">\n\t\t\t\t\t<div class=\"e-con-inner\">\n\t\t<div class=\"elementor-element elementor-element-e05c724 e-con-full e-flex e-con e-child\" data-id=\"e05c724\" data-element_type=\"container\" data-e-type=\"container\">\n\t\t\t\t<div class=\"elementor-element elementor-element-9d2172c elementor-widget elementor-widget-image\" data-id=\"9d2172c\" data-element_type=\"widget\" data-e-type=\"widget\" data-widget_type=\"image.default\">\n\t\t\t\t\t\t\t\t\t\t\t\t\t\t\t<img fetchpriority=\"high\" decoding=\"async\" width=\"768\" height=\"1024\" src=\"https:\/\/gifted-blackwell.82-165-173-19.plesk.page\/wp-content\/uploads\/2026\/03\/SERVICIO-REFORMA-GENERAL-768x1024.jpg\" class=\"elementor-animation-grow attachment-large size-large wp-image-99\" alt=\"\" srcset=\"https:\/\/gifted-blackwell.82-165-173-19.plesk.page\/wp-content\/uploads\/2026\/03\/SERVICIO-REFORMA-GENERAL-768x1024.jpg 768w, https:\/\/gifted-blackwell.82-165-173-19.plesk.page\/wp-content\/uploads\/2026\/03\/SERVICIO-REFORMA-GENERAL-225x300.jpg 225w, https:\/\/gifted-blackwell.82-165-173-19.plesk.page\/wp-content\/uploads\/2026\/03\/SERVICIO-REFORMA-GENERAL-1152x1536.jpg 1152w, https:\/\/gifted-blackwell.82-165-173-19.plesk.page\/wp-content\/uploads\/2026\/03\/SERVICIO-REFORMA-GENERAL.jpg 1536w\" sizes=\"100vw\" \/>\t\t\t\t\t\t\t\t\t\t\t\t\t\t\t<\/div>\n\t\t\t\t<\/div>\n\t\t<div class=\"elementor-element elementor-element-a8e202c e-con-full e-flex e-con e-child\" data-id=\"a8e202c\" data-element_type=\"container\" data-e-type=\"container\">\n\t\t\t\t<div class=\"elementor-element elementor-element-11898c5 elementor-widget elementor-widget-image\" data-id=\"11898c5\" data-element_type=\"widget\" data-e-type=\"widget\" data-widget_type=\"image.default\">\n\t\t\t\t\t\t\t\t\t\t\t\t\t\t\t<img decoding=\"async\" width=\"683\" height=\"1024\" src=\"https:\/\/gifted-blackwell.82-165-173-19.plesk.page\/wp-content\/uploads\/2026\/03\/Diseno-sin-titulo3-683x1024.jpg\" class=\"elementor-animation-grow attachment-large size-large wp-image-110\" alt=\"\" srcset=\"https:\/\/gifted-blackwell.82-165-173-19.plesk.page\/wp-content\/uploads\/2026\/03\/Diseno-sin-titulo3-683x1024.jpg 683w, https:\/\/gifted-blackwell.82-165-173-19.plesk.page\/wp-content\/uploads\/2026\/03\/Diseno-sin-titulo3-200x300.jpg 200w, https:\/\/gifted-blackwell.82-165-173-19.plesk.page\/wp-content\/uploads\/2026\/03\/Diseno-sin-titulo3-1024x1536.jpg 1024w, https:\/\/gifted-blackwell.82-165-173-19.plesk.page\/wp-content\/uploads\/2026\/03\/Diseno-sin-titulo3.jpg 1333w\" sizes=\"100vw\" \/>\t\t\t\t\t\t\t\t\t\t\t\t\t\t\t<\/div>\n\t\t\t\t<\/div>\n\t\t<div class=\"elementor-element elementor-element-2316803 e-con-full e-flex e-con e-child\" data-id=\"2316803\" data-element_type=\"container\" data-e-type=\"container\">\n\t\t\t\t<div class=\"elementor-element elementor-element-90b7082 elementor-widget elementor-widget-image\" data-id=\"90b7082\" data-element_type=\"widget\" data-e-type=\"widget\" data-widget_type=\"image.default\">\n\t\t\t\t\t\t\t\t\t\t\t\t\t\t\t<img decoding=\"async\" width=\"768\" height=\"1024\" src=\"https:\/\/gifted-blackwell.82-165-173-19.plesk.page\/wp-content\/uploads\/2026\/03\/REFORMA-DE-BANOS-768x1024.jpg\" class=\"elementor-animation-grow attachment-large size-large wp-image-87\" alt=\"\" srcset=\"https:\/\/gifted-blackwell.82-165-173-19.plesk.page\/wp-content\/uploads\/2026\/03\/REFORMA-DE-BANOS-768x1024.jpg 768w, https:\/\/gifted-blackwell.82-165-173-19.plesk.page\/wp-content\/uploads\/2026\/03\/REFORMA-DE-BANOS-225x300.jpg 225w, https:\/\/gifted-blackwell.82-165-173-19.plesk.page\/wp-content\/uploads\/2026\/03\/REFORMA-DE-BANOS-1152x1536.jpg 1152w, https:\/\/gifted-blackwell.82-165-173-19.plesk.page\/wp-content\/uploads\/2026\/03\/REFORMA-DE-BANOS.jpg 1200w\" sizes=\"100vw\" \/>\t\t\t\t\t\t\t\t\t\t\t\t\t\t\t<\/div>\n\t\t\t\t<\/div>\n\t\t<div class=\"elementor-element elementor-element-7d919b4 e-con-full e-flex e-con e-child\" data-id=\"7d919b4\" data-element_type=\"container\" data-e-type=\"container\">\n\t\t\t\t<div class=\"elementor-element elementor-element-1b5c798 elementor-widget elementor-widget-heading\" data-id=\"1b5c798\" data-element_type=\"widget\" data-e-type=\"widget\" data-widget_type=\"heading.default\">\n\t\t\t\t\t<h2 class=\"elementor-heading-title elementor-size-default\">Reforma en general<\/h2>\t\t\t\t<\/div>\n\t\t\t\t<\/div>\n\t\t<div class=\"elementor-element elementor-element-8aa0a51 e-con-full e-flex e-con e-child\" data-id=\"8aa0a51\" data-element_type=\"container\" data-e-type=\"container\">\n\t\t\t\t<div class=\"elementor-element elementor-element-30eaa01 elementor-widget elementor-widget-heading\" data-id=\"30eaa01\" data-element_type=\"widget\" data-e-type=\"widget\" data-widget_type=\"heading.default\">\n\t\t\t\t\t<h2 class=\"elementor-heading-title elementor-size-default\">Reforma de cocinas<\/h2>\t\t\t\t<\/div>\n\t\t\t\t<\/div>\n\t\t<div class=\"elementor-element elementor-element-7726ef1 e-con-full e-flex e-con e-child\" data-id=\"7726ef1\" data-element_type=\"container\" data-e-type=\"container\">\n\t\t\t\t<div class=\"elementor-element elementor-element-3ce4287 elementor-widget elementor-widget-heading\" data-id=\"3ce4287\" data-element_type=\"widget\" data-e-type=\"widget\" data-widget_type=\"heading.default\">\n\t\t\t\t\t<h2 class=\"elementor-heading-title elementor-size-default\">Reforma de ba\u00f1os<\/h2>\t\t\t\t<\/div>\n\t\t\t\t<\/div>\n\t\t<div class=\"elementor-element elementor-element-835a251 e-con-full e-flex e-con e-child\" data-id=\"835a251\" data-element_type=\"container\" data-e-type=\"container\">\n\t\t\t\t<div class=\"elementor-element elementor-element-97e56e7 elementor-widget elementor-widget-text-editor\" data-id=\"97e56e7\" data-element_type=\"widget\" data-e-type=\"widget\" data-widget_type=\"text-editor.default\">\n\t\t\t\t\t\t\t\t\t<p>Transformamos tus espacios en el lugar que siempre has imaginado. Nos encargamos de coordinar todo el proyecto, desde la planificaci\u00f3n hasta los \u00faltimos acabados, ofreciendo asesoramiento personalizado en cada etapa. Trabajamos para crear ambientes funcionales, modernos y armoniosos, cuidando cada detalle para garantizar resultados de calidad y m\u00e1xima satisfacci\u00f3n.<\/p>\t\t\t\t\t\t\t\t<\/div>\n\t\t\t\t<\/div>\n\t\t<div class=\"elementor-element elementor-element-219dbe7 e-con-full e-flex e-con e-child\" data-id=\"219dbe7\" data-element_type=\"container\" data-e-type=\"container\">\n\t\t\t\t<div class=\"elementor-element elementor-element-0fe417a elementor-widget elementor-widget-text-editor\" data-id=\"0fe417a\" data-element_type=\"widget\" data-e-type=\"widget\" data-widget_type=\"text-editor.default\">\n\t\t\t\t\t\t\t\t\t<p>Somos especialistas en reformas integrales de cocinas, realizando demolici\u00f3n, montaje de muebles, instalaciones el\u00e9ctricas y de fontaner\u00eda, climatizaci\u00f3n e iluminaci\u00f3n. Te asesoramos en la distribuci\u00f3n y el dise\u00f1o para optimizar el espacio, adem\u00e1s de gestionar el transporte e instalaci\u00f3n de electrodom\u00e9sticos. Creamos cocinas pr\u00e1cticas, modernas y adaptadas a tu estilo de vida.<\/p>\t\t\t\t\t\t\t\t<\/div>\n\t\t\t\t<\/div>\n\t\t<div class=\"elementor-element elementor-element-2e73aef e-con-full e-flex e-con e-child\" data-id=\"2e73aef\" data-element_type=\"container\" data-e-type=\"container\">\n\t\t\t\t<div class=\"elementor-element elementor-element-6c6efda elementor-widget elementor-widget-text-editor\" data-id=\"6c6efda\" data-element_type=\"widget\" data-e-type=\"widget\" data-widget_type=\"text-editor.default\">\n\t\t\t\t\t\t\t\t\t<p>Reformamos tu ba\u00f1o con soluciones funcionales y est\u00e9ticas adaptadas a tus necesidades. Realizamos cambio de ba\u00f1era por plato de ducha, instalaci\u00f3n de mobiliario, grifer\u00eda, sanitarios, iluminaci\u00f3n y revestimientos. Adaptamos ba\u00f1os para personas con movilidad reducida. Nos ocupamos de todo el proceso para ofrecer un espacio c\u00f3modo, moderno y\u00a0 aprovechado.<\/p>\t\t\t\t\t\t\t\t<\/div>\n\t\t\t\t<\/div>\n\t\t\t\t\t<\/div>\n\t\t\t\t<\/div>\n\t\t<div class=\"elementor-element elementor-element-b55facf e-flex e-con-boxed e-con e-parent\" data-id=\"b55facf\" data-element_type=\"container\" data-e-type=\"container\">\n\t\t\t\t\t<div class=\"e-con-inner\">\n\t\t<div class=\"elementor-element elementor-element-831b28c e-con-full e-flex e-con e-child\" data-id=\"831b28c\" data-element_type=\"container\" data-e-type=\"container\">\n\t\t\t\t<div class=\"elementor-element elementor-element-6dc4835 elementor-widget elementor-widget-image\" data-id=\"6dc4835\" data-element_type=\"widget\" data-e-type=\"widget\" data-settings=\"{&quot;_animation&quot;:&quot;none&quot;}\" data-widget_type=\"image.default\">\n\t\t\t\t\t\t\t\t\t\t\t\t\t\t\t<img loading=\"lazy\" decoding=\"async\" width=\"768\" height=\"1024\" src=\"https:\/\/gifted-blackwell.82-165-173-19.plesk.page\/wp-content\/uploads\/2026\/03\/ALICATADOS-768x1024.jpg\" class=\"elementor-animation-grow attachment-large size-large wp-image-88\" alt=\"\" srcset=\"https:\/\/gifted-blackwell.82-165-173-19.plesk.page\/wp-content\/uploads\/2026\/03\/ALICATADOS-768x1024.jpg 768w, https:\/\/gifted-blackwell.82-165-173-19.plesk.page\/wp-content\/uploads\/2026\/03\/ALICATADOS-225x300.jpg 225w, https:\/\/gifted-blackwell.82-165-173-19.plesk.page\/wp-content\/uploads\/2026\/03\/ALICATADOS-2000x2667.jpg 2000w, https:\/\/gifted-blackwell.82-165-173-19.plesk.page\/wp-content\/uploads\/2026\/03\/ALICATADOS-scaled-1152x1536.jpg 1152w, https:\/\/gifted-blackwell.82-165-173-19.plesk.page\/wp-content\/uploads\/2026\/03\/ALICATADOS-scaled-1536x2048.jpg 1536w, https:\/\/gifted-blackwell.82-165-173-19.plesk.page\/wp-content\/uploads\/2026\/03\/ALICATADOS-scaled.jpg 1920w\" sizes=\"100vw\" \/>\t\t\t\t\t\t\t\t\t\t\t\t\t\t\t<\/div>\n\t\t\t\t<\/div>\n\t\t<div class=\"elementor-element elementor-element-4d6bc2f e-con-full e-flex e-con e-child\" data-id=\"4d6bc2f\" data-element_type=\"container\" data-e-type=\"container\">\n\t\t\t\t<div class=\"elementor-element elementor-element-3ad69c7 elementor-widget elementor-widget-image\" data-id=\"3ad69c7\" data-element_type=\"widget\" data-e-type=\"widget\" data-widget_type=\"image.default\">\n\t\t\t\t\t\t\t\t\t\t\t\t\t\t\t<img loading=\"lazy\" decoding=\"async\" width=\"768\" height=\"1024\" src=\"https:\/\/gifted-blackwell.82-165-173-19.plesk.page\/wp-content\/uploads\/2026\/03\/SERVICIO-PLADUR-768x1024.jpg\" class=\"elementor-animation-grow attachment-large size-large wp-image-89\" alt=\"\" srcset=\"https:\/\/gifted-blackwell.82-165-173-19.plesk.page\/wp-content\/uploads\/2026\/03\/SERVICIO-PLADUR-768x1024.jpg 768w, https:\/\/gifted-blackwell.82-165-173-19.plesk.page\/wp-content\/uploads\/2026\/03\/SERVICIO-PLADUR-225x300.jpg 225w, https:\/\/gifted-blackwell.82-165-173-19.plesk.page\/wp-content\/uploads\/2026\/03\/SERVICIO-PLADUR-1152x1536.jpg 1152w, https:\/\/gifted-blackwell.82-165-173-19.plesk.page\/wp-content\/uploads\/2026\/03\/SERVICIO-PLADUR.jpg 1536w\" sizes=\"100vw\" \/>\t\t\t\t\t\t\t\t\t\t\t\t\t\t\t<\/div>\n\t\t\t\t<\/div>\n\t\t<div class=\"elementor-element elementor-element-588dd51 e-con-full e-flex e-con e-child\" data-id=\"588dd51\" data-element_type=\"container\" data-e-type=\"container\">\n\t\t\t\t<div class=\"elementor-element elementor-element-ce54a40 elementor-widget elementor-widget-image\" data-id=\"ce54a40\" data-element_type=\"widget\" data-e-type=\"widget\" data-widget_type=\"image.default\">\n\t\t\t\t\t\t\t\t\t\t\t\t\t\t\t<img loading=\"lazy\" decoding=\"async\" width=\"797\" height=\"1024\" src=\"https:\/\/gifted-blackwell.82-165-173-19.plesk.page\/wp-content\/uploads\/2026\/03\/SERVICIO-PINTURA-1-797x1024.jpg\" class=\"elementor-animation-grow attachment-large size-large wp-image-117\" alt=\"\" srcset=\"https:\/\/gifted-blackwell.82-165-173-19.plesk.page\/wp-content\/uploads\/2026\/03\/SERVICIO-PINTURA-1-797x1024.jpg 797w, https:\/\/gifted-blackwell.82-165-173-19.plesk.page\/wp-content\/uploads\/2026\/03\/SERVICIO-PINTURA-1-233x300.jpg 233w, https:\/\/gifted-blackwell.82-165-173-19.plesk.page\/wp-content\/uploads\/2026\/03\/SERVICIO-PINTURA-1.jpg 1059w\" sizes=\"100vw\" \/>\t\t\t\t\t\t\t\t\t\t\t\t\t\t\t<\/div>\n\t\t\t\t<\/div>\n\t\t<div class=\"elementor-element elementor-element-010fae2 e-con-full e-flex e-con e-child\" data-id=\"010fae2\" data-element_type=\"container\" data-e-type=\"container\">\n\t\t\t\t<div class=\"elementor-element elementor-element-81f25cf elementor-widget elementor-widget-heading\" data-id=\"81f25cf\" data-element_type=\"widget\" data-e-type=\"widget\" data-widget_type=\"heading.default\">\n\t\t\t\t\t<h2 class=\"elementor-heading-title elementor-size-default\">Alicatados y Solados<\/h2>\t\t\t\t<\/div>\n\t\t\t\t<\/div>\n\t\t<div class=\"elementor-element elementor-element-75d5284 e-con-full e-flex e-con e-child\" data-id=\"75d5284\" data-element_type=\"container\" data-e-type=\"container\">\n\t\t\t\t<div class=\"elementor-element elementor-element-056d206 elementor-widget elementor-widget-heading\" data-id=\"056d206\" data-element_type=\"widget\" data-e-type=\"widget\" data-widget_type=\"heading.default\">\n\t\t\t\t\t<h2 class=\"elementor-heading-title elementor-size-default\">Pintura y Pladur<\/h2>\t\t\t\t<\/div>\n\t\t\t\t<\/div>\n\t\t<div class=\"elementor-element elementor-element-adb68ef e-con-full e-flex e-con e-child\" data-id=\"adb68ef\" data-element_type=\"container\" data-e-type=\"container\">\n\t\t\t\t<div class=\"elementor-element elementor-element-864485e elementor-widget elementor-widget-heading\" data-id=\"864485e\" data-element_type=\"widget\" data-e-type=\"widget\" data-widget_type=\"heading.default\">\n\t\t\t\t\t<h2 class=\"elementor-heading-title elementor-size-default\">Piscinas y Exteriores<\/h2>\t\t\t\t<\/div>\n\t\t\t\t<\/div>\n\t\t<div class=\"elementor-element elementor-element-ae3c90c e-con-full e-flex e-con e-child\" data-id=\"ae3c90c\" data-element_type=\"container\" data-e-type=\"container\">\n\t\t\t\t<div class=\"elementor-element elementor-element-5f95349 elementor-widget elementor-widget-text-editor\" data-id=\"5f95349\" data-element_type=\"widget\" data-e-type=\"widget\" data-widget_type=\"text-editor.default\">\n\t\t\t\t\t\t\t\t\t<p>Damos un nuevo aspecto a tus espacios con alicatados y solados de alta calidad. Trabajamos con materiales cer\u00e1micos, porcel\u00e1nicos, rectificados, piedra y madera, garantizando acabados precisos y duraderos. Nos adaptamos a tus gustos y al estilo de tu vivienda para lograr superficies resistentes, elegantes y perfectamente integradas en cada ambiente.<\/p>\t\t\t\t\t\t\t\t<\/div>\n\t\t\t\t<\/div>\n\t\t<div class=\"elementor-element elementor-element-8746c43 e-con-full e-flex e-con e-child\" data-id=\"8746c43\" data-element_type=\"container\" data-e-type=\"container\">\n\t\t\t\t<div class=\"elementor-element elementor-element-e317d5f elementor-widget elementor-widget-text-editor\" data-id=\"e317d5f\" data-element_type=\"widget\" data-e-type=\"widget\" data-widget_type=\"text-editor.default\">\n\t\t\t\t\t\t\t\t\t<p>Realizamos trabajos profesionales de pintura y pladur para renovar y optimizar tus espacios interiores. Creamos tabiques, techos y soluciones decorativas en pladur, adem\u00e1s de alisado de paredes, pintura pl\u00e1stica lisa y acabados decorativos. Tambi\u00e9n aplicamos pinturas anti humedad e impermeabilizantes, garantizando acabados limpios, duraderos y adaptados al estilo de tu proyecto.<\/p>\t\t\t\t\t\t\t\t<\/div>\n\t\t\t\t<\/div>\n\t\t<div class=\"elementor-element elementor-element-c52a757 e-con-full e-flex e-con e-child\" data-id=\"c52a757\" data-element_type=\"container\" data-e-type=\"container\">\n\t\t\t\t<div class=\"elementor-element elementor-element-c0f95f2 elementor-widget elementor-widget-text-editor\" data-id=\"c0f95f2\" data-element_type=\"widget\" data-e-type=\"widget\" data-widget_type=\"text-editor.default\">\n\t\t\t\t\t\t\t\t\t<p>Construimos y reformamos piscinas, porches, p\u00e9rgolas, terrazas, jardines, fachadas y espacios exteriores. Realizamos tanto peque\u00f1as reparaciones como proyectos completos desde cero. Trabajamos con materiales de calidad para garantizar resistencia y dise\u00f1o, creando espacios exteriores funcionales, atractivos y adaptados a tus necesidades.<\/p>\t\t\t\t\t\t\t\t<\/div>\n\t\t\t\t<\/div>\n\t\t\t\t\t<\/div>\n\t\t\t\t<\/div>\n\t\t\t\t<\/div>\n\t\t","protected":false},"excerpt":{"rendered":"<p>Conf\u00eda en la experiencia Reforma en general Reforma de cocinas Reforma de ba\u00f1os Transformamos tus espacios en el lugar que siempre has imaginado. Nos encargamos de coordinar todo el proyecto, desde la planificaci\u00f3n hasta los \u00faltimos acabados, ofreciendo asesoramiento personalizado en cada etapa. Trabajamos para crear ambientes funcionales, modernos y armoniosos, cuidando cada detalle para &hellip; <\/p>\n<p class=\"link-more\"><a href=\"https:\/\/gifted-blackwell.82-165-173-19.plesk.page\/index.php\/servicios\/\" class=\"more-link\">Leer m\u00e1s<span class=\"screen-reader-text\"> \u00abServicios\u00bb<\/span><\/a><\/p>\n","protected":false},"author":2,"featured_media":0,"parent":0,"menu_order":0,"comment_status":"closed","ping_status":"closed","template":"","meta":{"inspiro_hide_title":false,"footnotes":""},"class_list":["post-34","page","type-page","status-publish","hentry"],"_links":{"self":[{"href":"https:\/\/gifted-blackwell.82-165-173-19.plesk.page\/index.php\/wp-json\/wp\/v2\/pages\/34","targetHints":{"allow":["GET"]}}],"collection":[{"href":"https:\/\/gifted-blackwell.82-165-173-19.plesk.page\/index.php\/wp-json\/wp\/v2\/pages"}],"about":[{"href":"https:\/\/gifted-blackwell.82-165-173-19.plesk.page\/index.php\/wp-json\/wp\/v2\/types\/page"}],"author":[{"embeddable":true,"href":"https:\/\/gifted-blackwell.82-165-173-19.plesk.page\/index.php\/wp-json\/wp\/v2\/users\/2"}],"replies":[{"embeddable":true,"href":"https:\/\/gifted-blackwell.82-165-173-19.plesk.page\/index.php\/wp-json\/wp\/v2\/comments?post=34"}],"version-history":[{"count":17,"href":"https:\/\/gifted-blackwell.82-165-173-19.plesk.page\/index.php\/wp-json\/wp\/v2\/pages\/34\/revisions"}],"predecessor-version":[{"id":338,"href":"https:\/\/gifted-blackwell.82-165-173-19.plesk.page\/index.php\/wp-json\/wp\/v2\/pages\/34\/revisions\/338"}],"wp:attachment":[{"href":"https:\/\/gifted-blackwell.82-165-173-19.plesk.page\/index.php\/wp-json\/wp\/v2\/media?parent=34"}],"curies":[{"name":"wp","href":"https:\/\/api.w.org\/{rel}","templated":true}]}}